{"id":8,"date":"2022-07-19T22:38:25","date_gmt":"2022-07-19T22:38:25","guid":{"rendered":"https:\/\/capantekstil.com.tr\/index.php\/about\/"},"modified":"2022-07-20T01:05:03","modified_gmt":"2022-07-20T01:05:03","slug":"hakkimizda","status":"publish","type":"page","link":"https:\/\/capantekstil.com.tr\/index.php\/hakkimizda\/","title":{"rendered":"Hakk\u0131m\u0131zda"},"content":{"rendered":"\n<figure class=\"wp-block-image size-large is-resized\"><img loading=\"lazy\" src=\"https:\/\/capantekstil.com.tr\/wp-content\/uploads\/2022\/07\/DSCF5577-1024x576.jpg\" alt=\"\" class=\"wp-image-37\" width=\"839\" height=\"471\" srcset=\"https:\/\/capantekstil.com.tr\/wp-content\/uploads\/2022\/07\/DSCF5577-1024x576.jpg 1024w, https:\/\/capantekstil.com.tr\/wp-content\/uploads\/2022\/07\/DSCF5577-300x169.jpg 300w, https:\/\/capantekstil.com.tr\/wp-content\/uploads\/2022\/07\/DSCF5577-768x432.jpg 768w, https:\/\/capantekstil.com.tr\/wp-content\/uploads\/2022\/07\/DSCF5577-1536x864.jpg 1536w, https:\/\/capantekstil.com.tr\/wp-content\/uploads\/2022\/07\/DSCF5577.jpg 1777w\" sizes=\"(max-width: 839px) 100vw, 839px\" \/><\/figure>\n\n\n<div class=\"col-md-6 col-sm-6 col-xs-12\">\n<div class=\"about-img-area\" style=\"visibility: visible;\">\u00a0<\/div>\n<p><span style=\"color: revert; font-size: revert; font-weight: revert;\"><strong>\u00c7APAN TEKST\u0130L BOYA<\/strong><br \/><\/span><span style=\"font-size: revert; color: initial;\">2005 y\u0131l\u0131ndan yeni kurdu\u011fumuz modern tesisimizle boyama sekt\u00f6r\u00fcnde hizmet veren \u00c7apan Tekstil Boya, 35 y\u0131ll\u0131k tecr\u00fcbesiyle Gaziantep&#8217;in \u00f6nde gelen boya firmalar\u0131 aras\u0131nda yer al\u0131yor. Gaziantep 3. Organize Sanayi B\u00f6lgesi&#8217;nde 5 bin 500 metrekarelik alan \u00fczerinde \u00fcretim faaliyetlerini s\u00fcrd\u00fcren firmam\u0131z, kuruldu\u011fu g\u00fcnden bu yana \u00fcretim teknolojisini s\u00fcrekli yenilemektedir.<br \/><\/span><span style=\"font-size: revert; color: initial;\">Kalite ve g\u00fcvenirlilikten \u00f6d\u00fcn vermeden \u00e7al\u0131\u015fan firmam\u0131z , her t\u00fcrl\u00fc elyaf boyama, pamuk, akrilik, y\u00fcn,polyester, tencel , viskon , nope , ka\u015fmir, naylon, penye , karde , modal , angora , \u0130ndanthren Boyama , k\u00fck\u00fcrt boyama alanlar\u0131nda g\u00fcnl\u00fck 14 ton \u00fcretim kapasitesine sahiptir.<br \/><\/span><span style=\"font-size: revert; color: initial;\">Kaliteyi bir b\u00fct\u00fcn olarak ele alan firmam\u0131z, bug\u00fcn sekt\u00f6rde ya\u015fanan yo\u011fun rekabet ortam\u0131nda hep daha ileri ilkesiyle, b\u00fcnyemizde kurdu\u011fumuz AR-GE departman\u0131 ile devaml\u0131 olarak \u00fcr\u00fcn kalitemizi y\u00fckseltmeye \u00e7al\u0131\u015fmaktad\u0131r.<br \/><\/span><span style=\"font-size: revert; color: initial;\">\u00dcretim; hammadden ba\u015flayarak, her a\u015famas\u0131nda modern laboratuar ve e\u011fitimli personel ile takip edilmektedir. G\u00fcn\u00fcm\u00fcz\u00fcn teknolojik ko\u015fullar\u0131na uygun olarak kendi b\u00fcnyemizdeki renk olu\u015fturma laboratuar\u0131 ve yeti\u015fmi\u015f, deneyimli, teknik elamanlar\u0131m\u0131z ve ekipmanlar\u0131m\u0131z ile kalite anlay\u0131\u015f\u0131m\u0131z\u0131 her ge\u00e7en g\u00fcn y\u00fckseltiyoruz. Hizmet i\u00e7i e\u011fitim programlar\u0131 ile de personelimizin e\u011fitim ve mesleki becerilerini s\u00fcrekli art\u0131rmaya \u00e7al\u0131\u015f\u0131yoruz.<br \/><\/span><span style=\"font-size: revert; color: initial;\">Kalite kadar \u00e7evreye de \u00f6nem veren \u00c7apan tekstil Boya, gerek d\u0131\u015f g\u00f6r\u00fcn\u00fcm\u00fc gerekse \u00e7evre d\u00fczenlemesi a\u00e7\u0131s\u0131ndan da \u00f6rnek say\u0131labilecek bir tesisdir. \u00c7\u00fcnk\u00fc \u00c7apan tekstil Boya, kalite kadar, \u00e7evreye de \u00f6nem vermektedir. \u00c7apan tekstil Boya Uluslar aras\u0131 ge\u00e7erlili\u011fe sahip olan HOHENSTEIN \u00d6KO-TEKS sertifikas\u0131n\u0131 alarak kalitesini onaylam\u0131\u015ft\u0131r.<\/span><\/p>\n<\/div>","protected":false},"excerpt":{"rendered":"<p>\u00a0 \u00c7APAN TEKST\u0130L BOYA2005 y\u0131l\u0131ndan yeni kurdu\u011fumuz modern tesisimizle boyama sekt\u00f6r\u00fcnde hizmet veren \u00c7apan Tekstil Boya, 35 y\u0131ll\u0131k tecr\u00fcbesiyle Gaziantep&#8217;in \u00f6nde gelen boya firmalar\u0131 aras\u0131nda yer al\u0131yor. Gaziantep 3. Organize Sanayi B\u00f6lgesi&#8217;nde 5 bin 500 metrekarelik alan \u00fczerinde \u00fcretim faaliyetlerini s\u00fcrd\u00fcren firmam\u0131z, kuruldu\u011fu g\u00fcnden bu yana \u00fcretim teknolojisini s\u00fcrekli yenilemektedir.Kalite ve g\u00fcvenirlilikten \u00f6d\u00fcn vermeden \u00e7al\u0131\u015fan [&hellip;]<\/p>\n","protected":false},"author":1,"featured_media":0,"parent":0,"menu_order":0,"comment_status":"closed","ping_status":"closed","template":"templates\/about.php","meta":[],"yoast_head":"<!-- This site is optimized with the Yoast SEO plugin v19.3 - https:\/\/yoast.com\/wordpress\/plugins\/seo\/ -->\n<title>Hakk\u0131m\u0131zda - \u00c7APAN TEKST\u0130L BOYA<\/title>\n<meta name=\"robots\" content=\"index, follow, max-snippet:-1, max-image-preview:large, max-video-preview:-1\" \/>\n<link rel=\"canonical\" href=\"https:\/\/capantekstil.com.tr\/index.php\/hakkimizda\/\" \/>\n<meta property=\"og:locale\" content=\"tr_TR\" \/>\n<meta property=\"og:type\" content=\"article\" \/>\n<meta property=\"og:title\" content=\"Hakk\u0131m\u0131zda - \u00c7APAN TEKST\u0130L BOYA\" \/>\n<meta property=\"og:description\" content=\"\u00a0 \u00c7APAN TEKST\u0130L BOYA2005 y\u0131l\u0131ndan yeni kurdu\u011fumuz modern tesisimizle boyama sekt\u00f6r\u00fcnde hizmet veren \u00c7apan Tekstil Boya, 35 y\u0131ll\u0131k tecr\u00fcbesiyle Gaziantep&#8217;in \u00f6nde gelen boya firmalar\u0131 aras\u0131nda yer al\u0131yor. Gaziantep 3. Organize Sanayi B\u00f6lgesi&#8217;nde 5 bin 500 metrekarelik alan \u00fczerinde \u00fcretim faaliyetlerini s\u00fcrd\u00fcren firmam\u0131z, kuruldu\u011fu g\u00fcnden bu yana \u00fcretim teknolojisini s\u00fcrekli yenilemektedir.Kalite ve g\u00fcvenirlilikten \u00f6d\u00fcn vermeden \u00e7al\u0131\u015fan [&hellip;]\" \/>\n<meta property=\"og:url\" content=\"https:\/\/capantekstil.com.tr\/index.php\/hakkimizda\/\" \/>\n<meta property=\"og:site_name\" content=\"\u00c7APAN TEKST\u0130L BOYA\" \/>\n<meta property=\"article:modified_time\" content=\"2022-07-20T01:05:03+00:00\" \/>\n<meta property=\"og:image\" content=\"https:\/\/capantekstil.com.tr\/wp-content\/uploads\/2022\/07\/DSCF5577-1024x576.jpg\" \/>\n<meta name=\"twitter:card\" content=\"summary_large_image\" \/>\n<meta name=\"twitter:label1\" content=\"Tahmini okuma s\u00fcresi\" \/>\n\t<meta name=\"twitter:data1\" content=\"2 dakika\" \/>\n<script type=\"application\/ld+json\" class=\"yoast-schema-graph\">{\"@context\":\"https:\/\/schema.org\",\"@graph\":[{\"@type\":\"Organization\",\"@id\":\"https:\/\/capantekstil.com.tr\/#organization\",\"name\":\"\u00c7APAN TEKST\u0130L BOYA\",\"url\":\"https:\/\/capantekstil.com.tr\/\",\"sameAs\":[],\"logo\":{\"@type\":\"ImageObject\",\"inLanguage\":\"tr\",\"@id\":\"https:\/\/capantekstil.com.tr\/#\/schema\/logo\/image\/\",\"url\":\"https:\/\/capantekstil.com.tr\/wp-content\/uploads\/2022\/07\/cropped-capantekstil-_web-logo-w.png\",\"contentUrl\":\"https:\/\/capantekstil.com.tr\/wp-content\/uploads\/2022\/07\/cropped-capantekstil-_web-logo-w.png\",\"width\":384,\"height\":151,\"caption\":\"\u00c7APAN TEKST\u0130L BOYA \"},\"image\":{\"@id\":\"https:\/\/capantekstil.com.tr\/#\/schema\/logo\/image\/\"}},{\"@type\":\"WebSite\",\"@id\":\"https:\/\/capantekstil.com.tr\/#website\",\"url\":\"https:\/\/capantekstil.com.tr\/\",\"name\":\"\u00c7APAN TEKST\u0130L BOYA\",\"description\":\"SAN. VE T\u0130C. LTD. \u015eT\u0130\",\"publisher\":{\"@id\":\"https:\/\/capantekstil.com.tr\/#organization\"},\"potentialAction\":[{\"@type\":\"SearchAction\",\"target\":{\"@type\":\"EntryPoint\",\"urlTemplate\":\"https:\/\/capantekstil.com.tr\/?s={search_term_string}\"},\"query-input\":\"required name=search_term_string\"}],\"inLanguage\":\"tr\"},{\"@type\":\"ImageObject\",\"inLanguage\":\"tr\",\"@id\":\"https:\/\/capantekstil.com.tr\/index.php\/hakkimizda\/#primaryimage\",\"url\":\"https:\/\/capantekstil.com.tr\/wp-content\/uploads\/2022\/07\/DSCF5577.jpg\",\"contentUrl\":\"https:\/\/capantekstil.com.tr\/wp-content\/uploads\/2022\/07\/DSCF5577.jpg\",\"width\":1777,\"height\":1000},{\"@type\":\"WebPage\",\"@id\":\"https:\/\/capantekstil.com.tr\/index.php\/hakkimizda\/\",\"url\":\"https:\/\/capantekstil.com.tr\/index.php\/hakkimizda\/\",\"name\":\"Hakk\u0131m\u0131zda - \u00c7APAN TEKST\u0130L BOYA\",\"isPartOf\":{\"@id\":\"https:\/\/capantekstil.com.tr\/#website\"},\"primaryImageOfPage\":{\"@id\":\"https:\/\/capantekstil.com.tr\/index.php\/hakkimizda\/#primaryimage\"},\"datePublished\":\"2022-07-19T22:38:25+00:00\",\"dateModified\":\"2022-07-20T01:05:03+00:00\",\"breadcrumb\":{\"@id\":\"https:\/\/capantekstil.com.tr\/index.php\/hakkimizda\/#breadcrumb\"},\"inLanguage\":\"tr\",\"potentialAction\":[{\"@type\":\"ReadAction\",\"target\":[\"https:\/\/capantekstil.com.tr\/index.php\/hakkimizda\/\"]}]},{\"@type\":\"BreadcrumbList\",\"@id\":\"https:\/\/capantekstil.com.tr\/index.php\/hakkimizda\/#breadcrumb\",\"itemListElement\":[{\"@type\":\"ListItem\",\"position\":1,\"name\":\"Anasayfa\",\"item\":\"https:\/\/capantekstil.com.tr\/index.php\/homepage\/\"},{\"@type\":\"ListItem\",\"position\":2,\"name\":\"Hakk\u0131m\u0131zda\"}]}]}<\/script>\n<!-- \/ Yoast SEO plugin. -->","yoast_head_json":{"title":"Hakk\u0131m\u0131zda - \u00c7APAN TEKST\u0130L BOYA","robots":{"index":"index","follow":"follow","max-snippet":"max-snippet:-1","max-image-preview":"max-image-preview:large","max-video-preview":"max-video-preview:-1"},"canonical":"https:\/\/capantekstil.com.tr\/index.php\/hakkimizda\/","og_locale":"tr_TR","og_type":"article","og_title":"Hakk\u0131m\u0131zda - \u00c7APAN TEKST\u0130L BOYA","og_description":"\u00a0 \u00c7APAN TEKST\u0130L BOYA2005 y\u0131l\u0131ndan yeni kurdu\u011fumuz modern tesisimizle boyama sekt\u00f6r\u00fcnde hizmet veren \u00c7apan Tekstil Boya, 35 y\u0131ll\u0131k tecr\u00fcbesiyle Gaziantep&#8217;in \u00f6nde gelen boya firmalar\u0131 aras\u0131nda yer al\u0131yor. Gaziantep 3. Organize Sanayi B\u00f6lgesi&#8217;nde 5 bin 500 metrekarelik alan \u00fczerinde \u00fcretim faaliyetlerini s\u00fcrd\u00fcren firmam\u0131z, kuruldu\u011fu g\u00fcnden bu yana \u00fcretim teknolojisini s\u00fcrekli yenilemektedir.Kalite ve g\u00fcvenirlilikten \u00f6d\u00fcn vermeden \u00e7al\u0131\u015fan [&hellip;]","og_url":"https:\/\/capantekstil.com.tr\/index.php\/hakkimizda\/","og_site_name":"\u00c7APAN TEKST\u0130L BOYA","article_modified_time":"2022-07-20T01:05:03+00:00","og_image":[{"url":"https:\/\/capantekstil.com.tr\/wp-content\/uploads\/2022\/07\/DSCF5577-1024x576.jpg"}],"twitter_card":"summary_large_image","twitter_misc":{"Tahmini okuma s\u00fcresi":"2 dakika"},"schema":{"@context":"https:\/\/schema.org","@graph":[{"@type":"Organization","@id":"https:\/\/capantekstil.com.tr\/#organization","name":"\u00c7APAN TEKST\u0130L BOYA","url":"https:\/\/capantekstil.com.tr\/","sameAs":[],"logo":{"@type":"ImageObject","inLanguage":"tr","@id":"https:\/\/capantekstil.com.tr\/#\/schema\/logo\/image\/","url":"https:\/\/capantekstil.com.tr\/wp-content\/uploads\/2022\/07\/cropped-capantekstil-_web-logo-w.png","contentUrl":"https:\/\/capantekstil.com.tr\/wp-content\/uploads\/2022\/07\/cropped-capantekstil-_web-logo-w.png","width":384,"height":151,"caption":"\u00c7APAN TEKST\u0130L BOYA "},"image":{"@id":"https:\/\/capantekstil.com.tr\/#\/schema\/logo\/image\/"}},{"@type":"WebSite","@id":"https:\/\/capantekstil.com.tr\/#website","url":"https:\/\/capantekstil.com.tr\/","name":"\u00c7APAN TEKST\u0130L BOYA","description":"SAN. VE T\u0130C. LTD. \u015eT\u0130","publisher":{"@id":"https:\/\/capantekstil.com.tr\/#organization"},"potentialAction":[{"@type":"SearchAction","target":{"@type":"EntryPoint","urlTemplate":"https:\/\/capantekstil.com.tr\/?s={search_term_string}"},"query-input":"required name=search_term_string"}],"inLanguage":"tr"},{"@type":"ImageObject","inLanguage":"tr","@id":"https:\/\/capantekstil.com.tr\/index.php\/hakkimizda\/#primaryimage","url":"https:\/\/capantekstil.com.tr\/wp-content\/uploads\/2022\/07\/DSCF5577.jpg","contentUrl":"https:\/\/capantekstil.com.tr\/wp-content\/uploads\/2022\/07\/DSCF5577.jpg","width":1777,"height":1000},{"@type":"WebPage","@id":"https:\/\/capantekstil.com.tr\/index.php\/hakkimizda\/","url":"https:\/\/capantekstil.com.tr\/index.php\/hakkimizda\/","name":"Hakk\u0131m\u0131zda - \u00c7APAN TEKST\u0130L BOYA","isPartOf":{"@id":"https:\/\/capantekstil.com.tr\/#website"},"primaryImageOfPage":{"@id":"https:\/\/capantekstil.com.tr\/index.php\/hakkimizda\/#primaryimage"},"datePublished":"2022-07-19T22:38:25+00:00","dateModified":"2022-07-20T01:05:03+00:00","breadcrumb":{"@id":"https:\/\/capantekstil.com.tr\/index.php\/hakkimizda\/#breadcrumb"},"inLanguage":"tr","potentialAction":[{"@type":"ReadAction","target":["https:\/\/capantekstil.com.tr\/index.php\/hakkimizda\/"]}]},{"@type":"BreadcrumbList","@id":"https:\/\/capantekstil.com.tr\/index.php\/hakkimizda\/#breadcrumb","itemListElement":[{"@type":"ListItem","position":1,"name":"Anasayfa","item":"https:\/\/capantekstil.com.tr\/index.php\/homepage\/"},{"@type":"ListItem","position":2,"name":"Hakk\u0131m\u0131zda"}]}]}},"_links":{"self":[{"href":"https:\/\/capantekstil.com.tr\/index.php\/wp-json\/wp\/v2\/pages\/8"}],"collection":[{"href":"https:\/\/capantekstil.com.tr\/index.php\/wp-json\/wp\/v2\/pages"}],"about":[{"href":"https:\/\/capantekstil.com.tr\/index.php\/wp-json\/wp\/v2\/types\/page"}],"author":[{"embeddable":true,"href":"https:\/\/capantekstil.com.tr\/index.php\/wp-json\/wp\/v2\/users\/1"}],"replies":[{"embeddable":true,"href":"https:\/\/capantekstil.com.tr\/index.php\/wp-json\/wp\/v2\/comments?post=8"}],"version-history":[{"count":5,"href":"https:\/\/capantekstil.com.tr\/index.php\/wp-json\/wp\/v2\/pages\/8\/revisions"}],"predecessor-version":[{"id":82,"href":"https:\/\/capantekstil.com.tr\/index.php\/wp-json\/wp\/v2\/pages\/8\/revisions\/82"}],"wp:attachment":[{"href":"https:\/\/capantekstil.com.tr\/index.php\/wp-json\/wp\/v2\/media?parent=8"}],"curies":[{"name":"wp","href":"https:\/\/api.w.org\/{rel}","templated":true}]}}