{"id":45,"date":"2022-07-20T00:49:59","date_gmt":"2022-07-20T00:49:59","guid":{"rendered":"https:\/\/capantekstil.com.tr\/?page_id=45"},"modified":"2022-07-20T00:50:00","modified_gmt":"2022-07-20T00:50:00","slug":"galeri","status":"publish","type":"page","link":"https:\/\/capantekstil.com.tr\/index.php\/galeri\/","title":{"rendered":"Galeri"},"content":{"rendered":"\n<figure class=\"wp-container-2 wp-block-gallery-1 wp-block-gallery has-nested-images columns-default is-cropped\">\n<figure class=\"wp-block-image size-large is-style-default\"><img loading=\"lazy\" width=\"1024\" height=\"576\" data-id=\"51\"  src=\"https:\/\/capantekstil.com.tr\/wp-content\/uploads\/2022\/07\/DSCF5467-1-1024x576.jpg\" alt=\"\" class=\"wp-image-51\" srcset=\"https:\/\/capantekstil.com.tr\/wp-content\/uploads\/2022\/07\/DSCF5467-1-1024x576.jpg 1024w, https:\/\/capantekstil.com.tr\/wp-content\/uploads\/2022\/07\/DSCF5467-1-300x169.jpg 300w, https:\/\/capantekstil.com.tr\/wp-content\/uploads\/2022\/07\/DSCF5467-1-768x432.jpg 768w, https:\/\/capantekstil.com.tr\/wp-content\/uploads\/2022\/07\/DSCF5467-1-1536x864.jpg 1536w, https:\/\/capantekstil.com.tr\/wp-content\/uploads\/2022\/07\/DSCF5467-1.jpg 1777w\" sizes=\"(max-width: 1024px) 100vw, 1024px\" \/><\/figure>\n\n\n\n<figure class=\"wp-block-image size-large\"><img loading=\"lazy\" width=\"1024\" height=\"576\" data-id=\"48\"  src=\"https:\/\/capantekstil.com.tr\/wp-content\/uploads\/2022\/07\/DSCF5471-1-1024x576.jpg\" alt=\"\" class=\"wp-image-48\" srcset=\"https:\/\/capantekstil.com.tr\/wp-content\/uploads\/2022\/07\/DSCF5471-1-1024x576.jpg 1024w, https:\/\/capantekstil.com.tr\/wp-content\/uploads\/2022\/07\/DSCF5471-1-300x169.jpg 300w, https:\/\/capantekstil.com.tr\/wp-content\/uploads\/2022\/07\/DSCF5471-1-768x432.jpg 768w, https:\/\/capantekstil.com.tr\/wp-content\/uploads\/2022\/07\/DSCF5471-1-1536x864.jpg 1536w, https:\/\/capantekstil.com.tr\/wp-content\/uploads\/2022\/07\/DSCF5471-1.jpg 1777w\" sizes=\"(max-width: 1024px) 100vw, 1024px\" \/><\/figure>\n\n\n\n<figure class=\"wp-block-image size-large\"><img loading=\"lazy\" width=\"1024\" height=\"576\" data-id=\"47\"  src=\"https:\/\/capantekstil.com.tr\/wp-content\/uploads\/2022\/07\/DSCF5473-1024x576.jpg\" alt=\"\" class=\"wp-image-47\" srcset=\"https:\/\/capantekstil.com.tr\/wp-content\/uploads\/2022\/07\/DSCF5473-1024x576.jpg 1024w, https:\/\/capantekstil.com.tr\/wp-content\/uploads\/2022\/07\/DSCF5473-300x169.jpg 300w, https:\/\/capantekstil.com.tr\/wp-content\/uploads\/2022\/07\/DSCF5473-768x432.jpg 768w, https:\/\/capantekstil.com.tr\/wp-content\/uploads\/2022\/07\/DSCF5473-1536x864.jpg 1536w, https:\/\/capantekstil.com.tr\/wp-content\/uploads\/2022\/07\/DSCF5473.jpg 1777w\" sizes=\"(max-width: 1024px) 100vw, 1024px\" \/><\/figure>\n\n\n\n<figure class=\"wp-block-image size-large\"><img loading=\"lazy\" width=\"1024\" height=\"576\" data-id=\"46\"  src=\"https:\/\/capantekstil.com.tr\/wp-content\/uploads\/2022\/07\/DSCF5485-1024x576.jpg\" alt=\"\" class=\"wp-image-46\" srcset=\"https:\/\/capantekstil.com.tr\/wp-content\/uploads\/2022\/07\/DSCF5485-1024x576.jpg 1024w, https:\/\/capantekstil.com.tr\/wp-content\/uploads\/2022\/07\/DSCF5485-300x169.jpg 300w, https:\/\/capantekstil.com.tr\/wp-content\/uploads\/2022\/07\/DSCF5485-768x432.jpg 768w, https:\/\/capantekstil.com.tr\/wp-content\/uploads\/2022\/07\/DSCF5485-1536x864.jpg 1536w, https:\/\/capantekstil.com.tr\/wp-content\/uploads\/2022\/07\/DSCF5485.jpg 1777w\" sizes=\"(max-width: 1024px) 100vw, 1024px\" \/><\/figure>\n\n\n\n<figure class=\"wp-block-image size-large\"><img loading=\"lazy\" width=\"1024\" height=\"576\" data-id=\"49\"  src=\"https:\/\/capantekstil.com.tr\/wp-content\/uploads\/2022\/07\/DSCF5491-1-1024x576.jpg\" alt=\"\" class=\"wp-image-49\" srcset=\"https:\/\/capantekstil.com.tr\/wp-content\/uploads\/2022\/07\/DSCF5491-1-1024x576.jpg 1024w, https:\/\/capantekstil.com.tr\/wp-content\/uploads\/2022\/07\/DSCF5491-1-300x169.jpg 300w, https:\/\/capantekstil.com.tr\/wp-content\/uploads\/2022\/07\/DSCF5491-1-768x432.jpg 768w, https:\/\/capantekstil.com.tr\/wp-content\/uploads\/2022\/07\/DSCF5491-1-1536x864.jpg 1536w, https:\/\/capantekstil.com.tr\/wp-content\/uploads\/2022\/07\/DSCF5491-1.jpg 1777w\" sizes=\"(max-width: 1024px) 100vw, 1024px\" \/><\/figure>\n\n\n\n<figure class=\"wp-block-image size-large\"><img loading=\"lazy\" width=\"1024\" height=\"576\" data-id=\"50\"  src=\"https:\/\/capantekstil.com.tr\/wp-content\/uploads\/2022\/07\/DSCF5501-1-1024x576.jpg\" alt=\"\" class=\"wp-image-50\" srcset=\"https:\/\/capantekstil.com.tr\/wp-content\/uploads\/2022\/07\/DSCF5501-1-1024x576.jpg 1024w, https:\/\/capantekstil.com.tr\/wp-content\/uploads\/2022\/07\/DSCF5501-1-300x169.jpg 300w, https:\/\/capantekstil.com.tr\/wp-content\/uploads\/2022\/07\/DSCF5501-1-768x432.jpg 768w, https:\/\/capantekstil.com.tr\/wp-content\/uploads\/2022\/07\/DSCF5501-1-1536x864.jpg 1536w, https:\/\/capantekstil.com.tr\/wp-content\/uploads\/2022\/07\/DSCF5501-1.jpg 1777w\" sizes=\"(max-width: 1024px) 100vw, 1024px\" \/><\/figure>\n\n\n\n<figure class=\"wp-block-image size-large\"><img loading=\"lazy\" width=\"1024\" height=\"576\" data-id=\"52\"  src=\"https:\/\/capantekstil.com.tr\/wp-content\/uploads\/2022\/07\/DSCF5537-1024x576.jpg\" alt=\"\" class=\"wp-image-52\" srcset=\"https:\/\/capantekstil.com.tr\/wp-content\/uploads\/2022\/07\/DSCF5537-1024x576.jpg 1024w, https:\/\/capantekstil.com.tr\/wp-content\/uploads\/2022\/07\/DSCF5537-300x169.jpg 300w, https:\/\/capantekstil.com.tr\/wp-content\/uploads\/2022\/07\/DSCF5537-768x432.jpg 768w, https:\/\/capantekstil.com.tr\/wp-content\/uploads\/2022\/07\/DSCF5537-1536x864.jpg 1536w, https:\/\/capantekstil.com.tr\/wp-content\/uploads\/2022\/07\/DSCF5537.jpg 1777w\" sizes=\"(max-width: 1024px) 100vw, 1024px\" \/><\/figure>\n\n\n\n<figure class=\"wp-block-image size-large\"><img loading=\"lazy\" width=\"1024\" height=\"576\" data-id=\"53\"  src=\"https:\/\/capantekstil.com.tr\/wp-content\/uploads\/2022\/07\/DSCF5544-1024x576.jpg\" alt=\"\" class=\"wp-image-53\" srcset=\"https:\/\/capantekstil.com.tr\/wp-content\/uploads\/2022\/07\/DSCF5544-1024x576.jpg 1024w, https:\/\/capantekstil.com.tr\/wp-content\/uploads\/2022\/07\/DSCF5544-300x169.jpg 300w, https:\/\/capantekstil.com.tr\/wp-content\/uploads\/2022\/07\/DSCF5544-768x432.jpg 768w, https:\/\/capantekstil.com.tr\/wp-content\/uploads\/2022\/07\/DSCF5544-1536x864.jpg 1536w, https:\/\/capantekstil.com.tr\/wp-content\/uploads\/2022\/07\/DSCF5544.jpg 1777w\" sizes=\"(max-width: 1024px) 100vw, 1024px\" \/><\/figure>\n\n\n\n<figure class=\"wp-block-image size-large\"><img loading=\"lazy\" width=\"1024\" height=\"576\" data-id=\"54\"  src=\"https:\/\/capantekstil.com.tr\/wp-content\/uploads\/2022\/07\/DSCF5550-1-1024x576.jpg\" alt=\"\" class=\"wp-image-54\" srcset=\"https:\/\/capantekstil.com.tr\/wp-content\/uploads\/2022\/07\/DSCF5550-1-1024x576.jpg 1024w, https:\/\/capantekstil.com.tr\/wp-content\/uploads\/2022\/07\/DSCF5550-1-300x169.jpg 300w, https:\/\/capantekstil.com.tr\/wp-content\/uploads\/2022\/07\/DSCF5550-1-768x432.jpg 768w, https:\/\/capantekstil.com.tr\/wp-content\/uploads\/2022\/07\/DSCF5550-1-1536x864.jpg 1536w, https:\/\/capantekstil.com.tr\/wp-content\/uploads\/2022\/07\/DSCF5550-1.jpg 1777w\" sizes=\"(max-width: 1024px) 100vw, 1024px\" \/><\/figure>\n\n\n\n<figure class=\"wp-block-image size-large\"><img loading=\"lazy\" width=\"1024\" height=\"576\" data-id=\"55\"  src=\"https:\/\/capantekstil.com.tr\/wp-content\/uploads\/2022\/07\/DSCF5562-1024x576.jpg\" alt=\"\" class=\"wp-image-55\" srcset=\"https:\/\/capantekstil.com.tr\/wp-content\/uploads\/2022\/07\/DSCF5562-1024x576.jpg 1024w, https:\/\/capantekstil.com.tr\/wp-content\/uploads\/2022\/07\/DSCF5562-300x169.jpg 300w, https:\/\/capantekstil.com.tr\/wp-content\/uploads\/2022\/07\/DSCF5562-768x432.jpg 768w, https:\/\/capantekstil.com.tr\/wp-content\/uploads\/2022\/07\/DSCF5562-1536x864.jpg 1536w, https:\/\/capantekstil.com.tr\/wp-content\/uploads\/2022\/07\/DSCF5562.jpg 1777w\" sizes=\"(max-width: 1024px) 100vw, 1024px\" \/><\/figure>\n\n\n\n<figure class=\"wp-block-image size-large\"><img loading=\"lazy\" width=\"1024\" height=\"576\" data-id=\"56\"  src=\"https:\/\/capantekstil.com.tr\/wp-content\/uploads\/2022\/07\/DSCF5565-1024x576.jpg\" alt=\"\" class=\"wp-image-56\" srcset=\"https:\/\/capantekstil.com.tr\/wp-content\/uploads\/2022\/07\/DSCF5565-1024x576.jpg 1024w, https:\/\/capantekstil.com.tr\/wp-content\/uploads\/2022\/07\/DSCF5565-300x169.jpg 300w, https:\/\/capantekstil.com.tr\/wp-content\/uploads\/2022\/07\/DSCF5565-768x432.jpg 768w, https:\/\/capantekstil.com.tr\/wp-content\/uploads\/2022\/07\/DSCF5565-1536x864.jpg 1536w, https:\/\/capantekstil.com.tr\/wp-content\/uploads\/2022\/07\/DSCF5565.jpg 1777w\" sizes=\"(max-width: 1024px) 100vw, 1024px\" \/><\/figure>\n\n\n\n<figure class=\"wp-block-image size-large\"><img loading=\"lazy\" width=\"1024\" height=\"576\" data-id=\"60\"  src=\"https:\/\/capantekstil.com.tr\/wp-content\/uploads\/2022\/07\/DSCF5577-1-1024x576.jpg\" alt=\"\" class=\"wp-image-60\" srcset=\"https:\/\/capantekstil.com.tr\/wp-content\/uploads\/2022\/07\/DSCF5577-1-1024x576.jpg 1024w, https:\/\/capantekstil.com.tr\/wp-content\/uploads\/2022\/07\/DSCF5577-1-300x169.jpg 300w, https:\/\/capantekstil.com.tr\/wp-content\/uploads\/2022\/07\/DSCF5577-1-768x432.jpg 768w, https:\/\/capantekstil.com.tr\/wp-content\/uploads\/2022\/07\/DSCF5577-1-1536x864.jpg 1536w, https:\/\/capantekstil.com.tr\/wp-content\/uploads\/2022\/07\/DSCF5577-1.jpg 1777w\" sizes=\"(max-width: 1024px) 100vw, 1024px\" \/><\/figure>\n\n\n\n<figure class=\"wp-block-image size-large\"><img loading=\"lazy\" width=\"1024\" height=\"576\" data-id=\"57\"  src=\"https:\/\/capantekstil.com.tr\/wp-content\/uploads\/2022\/07\/DSCF5597-1024x576.jpg\" alt=\"\" class=\"wp-image-57\" srcset=\"https:\/\/capantekstil.com.tr\/wp-content\/uploads\/2022\/07\/DSCF5597-1024x576.jpg 1024w, https:\/\/capantekstil.com.tr\/wp-content\/uploads\/2022\/07\/DSCF5597-300x169.jpg 300w, https:\/\/capantekstil.com.tr\/wp-content\/uploads\/2022\/07\/DSCF5597-768x432.jpg 768w, https:\/\/capantekstil.com.tr\/wp-content\/uploads\/2022\/07\/DSCF5597-1536x864.jpg 1536w, https:\/\/capantekstil.com.tr\/wp-content\/uploads\/2022\/07\/DSCF5597.jpg 1777w\" sizes=\"(max-width: 1024px) 100vw, 1024px\" \/><\/figure>\n\n\n\n<figure class=\"wp-block-image size-large\"><img loading=\"lazy\" width=\"1024\" height=\"576\" data-id=\"58\"  src=\"https:\/\/capantekstil.com.tr\/wp-content\/uploads\/2022\/07\/DSCF5601-1-1024x576.jpg\" alt=\"\" class=\"wp-image-58\" srcset=\"https:\/\/capantekstil.com.tr\/wp-content\/uploads\/2022\/07\/DSCF5601-1-1024x576.jpg 1024w, https:\/\/capantekstil.com.tr\/wp-content\/uploads\/2022\/07\/DSCF5601-1-300x169.jpg 300w, https:\/\/capantekstil.com.tr\/wp-content\/uploads\/2022\/07\/DSCF5601-1-768x432.jpg 768w, https:\/\/capantekstil.com.tr\/wp-content\/uploads\/2022\/07\/DSCF5601-1-1536x864.jpg 1536w, https:\/\/capantekstil.com.tr\/wp-content\/uploads\/2022\/07\/DSCF5601-1.jpg 1777w\" sizes=\"(max-width: 1024px) 100vw, 1024px\" \/><\/figure>\n\n\n\n<figure class=\"wp-block-image size-large\"><img loading=\"lazy\" width=\"1024\" height=\"576\" data-id=\"59\"  src=\"https:\/\/capantekstil.com.tr\/wp-content\/uploads\/2022\/07\/DSCF5611-1024x576.jpg\" alt=\"\" class=\"wp-image-59\" srcset=\"https:\/\/capantekstil.com.tr\/wp-content\/uploads\/2022\/07\/DSCF5611-1024x576.jpg 1024w, https:\/\/capantekstil.com.tr\/wp-content\/uploads\/2022\/07\/DSCF5611-300x169.jpg 300w, https:\/\/capantekstil.com.tr\/wp-content\/uploads\/2022\/07\/DSCF5611-768x432.jpg 768w, https:\/\/capantekstil.com.tr\/wp-content\/uploads\/2022\/07\/DSCF5611-1536x864.jpg 1536w, https:\/\/capantekstil.com.tr\/wp-content\/uploads\/2022\/07\/DSCF5611.jpg 1777w\" sizes=\"(max-width: 1024px) 100vw, 1024px\" \/><\/figure>\n\n\n\n<figure class=\"wp-block-image size-large\"><img loading=\"lazy\" width=\"1024\" height=\"576\" data-id=\"61\"  src=\"https:\/\/capantekstil.com.tr\/wp-content\/uploads\/2022\/07\/DSCF5630-1-1024x576.jpg\" alt=\"\" class=\"wp-image-61\" srcset=\"https:\/\/capantekstil.com.tr\/wp-content\/uploads\/2022\/07\/DSCF5630-1-1024x576.jpg 1024w, https:\/\/capantekstil.com.tr\/wp-content\/uploads\/2022\/07\/DSCF5630-1-300x169.jpg 300w, https:\/\/capantekstil.com.tr\/wp-content\/uploads\/2022\/07\/DSCF5630-1-768x432.jpg 768w, https:\/\/capantekstil.com.tr\/wp-content\/uploads\/2022\/07\/DSCF5630-1-1536x864.jpg 1536w, https:\/\/capantekstil.com.tr\/wp-content\/uploads\/2022\/07\/DSCF5630-1.jpg 1777w\" sizes=\"(max-width: 1024px) 100vw, 1024px\" \/><\/figure>\n\n\n\n<figure class=\"wp-block-image size-large\"><img loading=\"lazy\" width=\"1024\" height=\"576\" data-id=\"62\"  src=\"https:\/\/capantekstil.com.tr\/wp-content\/uploads\/2022\/07\/DSCF5643-1024x576.jpg\" alt=\"\" class=\"wp-image-62\" srcset=\"https:\/\/capantekstil.com.tr\/wp-content\/uploads\/2022\/07\/DSCF5643-1024x576.jpg 1024w, https:\/\/capantekstil.com.tr\/wp-content\/uploads\/2022\/07\/DSCF5643-300x169.jpg 300w, https:\/\/capantekstil.com.tr\/wp-content\/uploads\/2022\/07\/DSCF5643-768x432.jpg 768w, https:\/\/capantekstil.com.tr\/wp-content\/uploads\/2022\/07\/DSCF5643-1536x864.jpg 1536w, https:\/\/capantekstil.com.tr\/wp-content\/uploads\/2022\/07\/DSCF5643.jpg 1777w\" sizes=\"(max-width: 1024px) 100vw, 1024px\" \/><\/figure>\n\n\n\n<figure class=\"wp-block-image size-large\"><img loading=\"lazy\" width=\"1024\" height=\"576\" data-id=\"63\"  src=\"https:\/\/capantekstil.com.tr\/wp-content\/uploads\/2022\/07\/DSCF5651-1024x576.jpg\" alt=\"\" class=\"wp-image-63\" srcset=\"https:\/\/capantekstil.com.tr\/wp-content\/uploads\/2022\/07\/DSCF5651-1024x576.jpg 1024w, https:\/\/capantekstil.com.tr\/wp-content\/uploads\/2022\/07\/DSCF5651-300x169.jpg 300w, https:\/\/capantekstil.com.tr\/wp-content\/uploads\/2022\/07\/DSCF5651-768x432.jpg 768w, https:\/\/capantekstil.com.tr\/wp-content\/uploads\/2022\/07\/DSCF5651-1536x864.jpg 1536w, https:\/\/capantekstil.com.tr\/wp-content\/uploads\/2022\/07\/DSCF5651.jpg 1777w\" sizes=\"(max-width: 1024px) 100vw, 1024px\" \/><\/figure>\n\n\n\n<figure class=\"wp-block-image size-large\"><img loading=\"lazy\" width=\"1024\" height=\"576\" data-id=\"64\"  src=\"https:\/\/capantekstil.com.tr\/wp-content\/uploads\/2022\/07\/DSCF5661-1024x576.jpg\" alt=\"\" class=\"wp-image-64\" srcset=\"https:\/\/capantekstil.com.tr\/wp-content\/uploads\/2022\/07\/DSCF5661-1024x576.jpg 1024w, https:\/\/capantekstil.com.tr\/wp-content\/uploads\/2022\/07\/DSCF5661-300x169.jpg 300w, https:\/\/capantekstil.com.tr\/wp-content\/uploads\/2022\/07\/DSCF5661-768x432.jpg 768w, https:\/\/capantekstil.com.tr\/wp-content\/uploads\/2022\/07\/DSCF5661-1536x864.jpg 1536w, https:\/\/capantekstil.com.tr\/wp-content\/uploads\/2022\/07\/DSCF5661.jpg 1777w\" sizes=\"(max-width: 1024px) 100vw, 1024px\" \/><\/figure>\n<\/figure>\n","protected":false},"excerpt":{"rendered":"","protected":false},"author":1,"featured_media":0,"parent":0,"menu_order":0,"comment_status":"closed","ping_status":"closed","template":"","meta":[],"yoast_head":"<!-- This site is optimized with the Yoast SEO plugin v19.3 - https:\/\/yoast.com\/wordpress\/plugins\/seo\/ -->\n<title>Galeri - \u00c7APAN TEKST\u0130L BOYA<\/title>\n<meta name=\"robots\" content=\"index, follow, max-snippet:-1, max-image-preview:large, max-video-preview:-1\" \/>\n<link rel=\"canonical\" href=\"https:\/\/capantekstil.com.tr\/index.php\/galeri\/\" \/>\n<meta property=\"og:locale\" content=\"tr_TR\" \/>\n<meta property=\"og:type\" content=\"article\" \/>\n<meta property=\"og:title\" content=\"Galeri - \u00c7APAN TEKST\u0130L BOYA\" \/>\n<meta property=\"og:url\" content=\"https:\/\/capantekstil.com.tr\/index.php\/galeri\/\" \/>\n<meta property=\"og:site_name\" content=\"\u00c7APAN TEKST\u0130L BOYA\" \/>\n<meta property=\"article:modified_time\" content=\"2022-07-20T00:50:00+00:00\" \/>\n<meta property=\"og:image\" content=\"https:\/\/capantekstil.com.tr\/wp-content\/uploads\/2022\/07\/DSCF5467-1-1024x576.jpg\" \/>\n<meta name=\"twitter:card\" content=\"summary_large_image\" \/>\n<meta name=\"twitter:label1\" content=\"Tahmini okuma s\u00fcresi\" \/>\n\t<meta name=\"twitter:data1\" content=\"4 dakika\" \/>\n<script type=\"application\/ld+json\" class=\"yoast-schema-graph\">{\"@context\":\"https:\/\/schema.org\",\"@graph\":[{\"@type\":\"Organization\",\"@id\":\"https:\/\/capantekstil.com.tr\/#organization\",\"name\":\"\u00c7APAN TEKST\u0130L BOYA\",\"url\":\"https:\/\/capantekstil.com.tr\/\",\"sameAs\":[],\"logo\":{\"@type\":\"ImageObject\",\"inLanguage\":\"tr\",\"@id\":\"https:\/\/capantekstil.com.tr\/#\/schema\/logo\/image\/\",\"url\":\"https:\/\/capantekstil.com.tr\/wp-content\/uploads\/2022\/07\/cropped-capantekstil-_web-logo-w.png\",\"contentUrl\":\"https:\/\/capantekstil.com.tr\/wp-content\/uploads\/2022\/07\/cropped-capantekstil-_web-logo-w.png\",\"width\":384,\"height\":151,\"caption\":\"\u00c7APAN TEKST\u0130L BOYA \"},\"image\":{\"@id\":\"https:\/\/capantekstil.com.tr\/#\/schema\/logo\/image\/\"}},{\"@type\":\"WebSite\",\"@id\":\"https:\/\/capantekstil.com.tr\/#website\",\"url\":\"https:\/\/capantekstil.com.tr\/\",\"name\":\"\u00c7APAN TEKST\u0130L BOYA\",\"description\":\"SAN. VE T\u0130C. LTD. \u015eT\u0130\",\"publisher\":{\"@id\":\"https:\/\/capantekstil.com.tr\/#organization\"},\"potentialAction\":[{\"@type\":\"SearchAction\",\"target\":{\"@type\":\"EntryPoint\",\"urlTemplate\":\"https:\/\/capantekstil.com.tr\/?s={search_term_string}\"},\"query-input\":\"required name=search_term_string\"}],\"inLanguage\":\"tr\"},{\"@type\":\"ImageObject\",\"inLanguage\":\"tr\",\"@id\":\"https:\/\/capantekstil.com.tr\/index.php\/galeri\/#primaryimage\",\"url\":\"https:\/\/capantekstil.com.tr\/wp-content\/uploads\/2022\/07\/DSCF5467-1.jpg\",\"contentUrl\":\"https:\/\/capantekstil.com.tr\/wp-content\/uploads\/2022\/07\/DSCF5467-1.jpg\",\"width\":1777,\"height\":1000},{\"@type\":\"WebPage\",\"@id\":\"https:\/\/capantekstil.com.tr\/index.php\/galeri\/\",\"url\":\"https:\/\/capantekstil.com.tr\/index.php\/galeri\/\",\"name\":\"Galeri - \u00c7APAN TEKST\u0130L BOYA\",\"isPartOf\":{\"@id\":\"https:\/\/capantekstil.com.tr\/#website\"},\"primaryImageOfPage\":{\"@id\":\"https:\/\/capantekstil.com.tr\/index.php\/galeri\/#primaryimage\"},\"datePublished\":\"2022-07-20T00:49:59+00:00\",\"dateModified\":\"2022-07-20T00:50:00+00:00\",\"breadcrumb\":{\"@id\":\"https:\/\/capantekstil.com.tr\/index.php\/galeri\/#breadcrumb\"},\"inLanguage\":\"tr\",\"potentialAction\":[{\"@type\":\"ReadAction\",\"target\":[\"https:\/\/capantekstil.com.tr\/index.php\/galeri\/\"]}]},{\"@type\":\"BreadcrumbList\",\"@id\":\"https:\/\/capantekstil.com.tr\/index.php\/galeri\/#breadcrumb\",\"itemListElement\":[{\"@type\":\"ListItem\",\"position\":1,\"name\":\"Anasayfa\",\"item\":\"https:\/\/capantekstil.com.tr\/index.php\/homepage\/\"},{\"@type\":\"ListItem\",\"position\":2,\"name\":\"Galeri\"}]}]}<\/script>\n<!-- \/ Yoast SEO plugin. -->","yoast_head_json":{"title":"Galeri - \u00c7APAN TEKST\u0130L BOYA","robots":{"index":"index","follow":"follow","max-snippet":"max-snippet:-1","max-image-preview":"max-image-preview:large","max-video-preview":"max-video-preview:-1"},"canonical":"https:\/\/capantekstil.com.tr\/index.php\/galeri\/","og_locale":"tr_TR","og_type":"article","og_title":"Galeri - \u00c7APAN TEKST\u0130L BOYA","og_url":"https:\/\/capantekstil.com.tr\/index.php\/galeri\/","og_site_name":"\u00c7APAN TEKST\u0130L BOYA","article_modified_time":"2022-07-20T00:50:00+00:00","og_image":[{"url":"https:\/\/capantekstil.com.tr\/wp-content\/uploads\/2022\/07\/DSCF5467-1-1024x576.jpg"}],"twitter_card":"summary_large_image","twitter_misc":{"Tahmini okuma s\u00fcresi":"4 dakika"},"schema":{"@context":"https:\/\/schema.org","@graph":[{"@type":"Organization","@id":"https:\/\/capantekstil.com.tr\/#organization","name":"\u00c7APAN TEKST\u0130L BOYA","url":"https:\/\/capantekstil.com.tr\/","sameAs":[],"logo":{"@type":"ImageObject","inLanguage":"tr","@id":"https:\/\/capantekstil.com.tr\/#\/schema\/logo\/image\/","url":"https:\/\/capantekstil.com.tr\/wp-content\/uploads\/2022\/07\/cropped-capantekstil-_web-logo-w.png","contentUrl":"https:\/\/capantekstil.com.tr\/wp-content\/uploads\/2022\/07\/cropped-capantekstil-_web-logo-w.png","width":384,"height":151,"caption":"\u00c7APAN TEKST\u0130L BOYA "},"image":{"@id":"https:\/\/capantekstil.com.tr\/#\/schema\/logo\/image\/"}},{"@type":"WebSite","@id":"https:\/\/capantekstil.com.tr\/#website","url":"https:\/\/capantekstil.com.tr\/","name":"\u00c7APAN TEKST\u0130L BOYA","description":"SAN. VE T\u0130C. LTD. \u015eT\u0130","publisher":{"@id":"https:\/\/capantekstil.com.tr\/#organization"},"potentialAction":[{"@type":"SearchAction","target":{"@type":"EntryPoint","urlTemplate":"https:\/\/capantekstil.com.tr\/?s={search_term_string}"},"query-input":"required name=search_term_string"}],"inLanguage":"tr"},{"@type":"ImageObject","inLanguage":"tr","@id":"https:\/\/capantekstil.com.tr\/index.php\/galeri\/#primaryimage","url":"https:\/\/capantekstil.com.tr\/wp-content\/uploads\/2022\/07\/DSCF5467-1.jpg","contentUrl":"https:\/\/capantekstil.com.tr\/wp-content\/uploads\/2022\/07\/DSCF5467-1.jpg","width":1777,"height":1000},{"@type":"WebPage","@id":"https:\/\/capantekstil.com.tr\/index.php\/galeri\/","url":"https:\/\/capantekstil.com.tr\/index.php\/galeri\/","name":"Galeri - \u00c7APAN TEKST\u0130L BOYA","isPartOf":{"@id":"https:\/\/capantekstil.com.tr\/#website"},"primaryImageOfPage":{"@id":"https:\/\/capantekstil.com.tr\/index.php\/galeri\/#primaryimage"},"datePublished":"2022-07-20T00:49:59+00:00","dateModified":"2022-07-20T00:50:00+00:00","breadcrumb":{"@id":"https:\/\/capantekstil.com.tr\/index.php\/galeri\/#breadcrumb"},"inLanguage":"tr","potentialAction":[{"@type":"ReadAction","target":["https:\/\/capantekstil.com.tr\/index.php\/galeri\/"]}]},{"@type":"BreadcrumbList","@id":"https:\/\/capantekstil.com.tr\/index.php\/galeri\/#breadcrumb","itemListElement":[{"@type":"ListItem","position":1,"name":"Anasayfa","item":"https:\/\/capantekstil.com.tr\/index.php\/homepage\/"},{"@type":"ListItem","position":2,"name":"Galeri"}]}]}},"_links":{"self":[{"href":"https:\/\/capantekstil.com.tr\/index.php\/wp-json\/wp\/v2\/pages\/45"}],"collection":[{"href":"https:\/\/capantekstil.com.tr\/index.php\/wp-json\/wp\/v2\/pages"}],"about":[{"href":"https:\/\/capantekstil.com.tr\/index.php\/wp-json\/wp\/v2\/types\/page"}],"author":[{"embeddable":true,"href":"https:\/\/capantekstil.com.tr\/index.php\/wp-json\/wp\/v2\/users\/1"}],"replies":[{"embeddable":true,"href":"https:\/\/capantekstil.com.tr\/index.php\/wp-json\/wp\/v2\/comments?post=45"}],"version-history":[{"count":1,"href":"https:\/\/capantekstil.com.tr\/index.php\/wp-json\/wp\/v2\/pages\/45\/revisions"}],"predecessor-version":[{"id":65,"href":"https:\/\/capantekstil.com.tr\/index.php\/wp-json\/wp\/v2\/pages\/45\/revisions\/65"}],"wp:attachment":[{"href":"https:\/\/capantekstil.com.tr\/index.php\/wp-json\/wp\/v2\/media?parent=45"}],"curies":[{"name":"wp","href":"https:\/\/api.w.org\/{rel}","templated":true}]}}