{"id":42,"date":"2022-07-20T00:49:11","date_gmt":"2022-07-20T00:49:11","guid":{"rendered":"https:\/\/capantekstil.com.tr\/?page_id=42"},"modified":"2023-12-12T01:57:40","modified_gmt":"2023-12-12T01:57:40","slug":"kalite-ve-sertifikalar","status":"publish","type":"page","link":"https:\/\/capantekstil.com.tr\/index.php\/kalite-ve-sertifikalar\/","title":{"rendered":"Kalite ve Sertifikalar"},"content":{"rendered":"\n<figure class=\"wp-block-table\"><table><tbody><tr><td><strong>HOHENSTEIN \u00d6KO-TEKS<\/strong><\/td><\/tr><tr><td>\u00dcretim; hammadden ba\u015flayarak, her a\u015famas\u0131nda modern laboratuar ve e\u011fitimli personel ile takip edilmektedir. G\u00fcn\u00fcm\u00fcz\u00fcn teknolojik ko\u015fullar\u0131na uygun olarak kendi b\u00fcnyemizdeki renk olu\u015fturma laboratuar\u0131 ve yeti\u015fmi\u015f, deneyimli, teknik elamanlar\u0131m\u0131z ve ekipmanlar\u0131m\u0131z ile kalite anlay\u0131\u015f\u0131m\u0131z\u0131 her ge\u00e7en g\u00fcn y\u00fckseltiyoruz. Hizmet i\u00e7i e\u011fitim programlar\u0131 ile de personelimizin e\u011fitim ve mesleki becerilerini s\u00fcrekli art\u0131rmaya \u00e7al\u0131\u015f\u0131yoruz.<\/td><\/tr><\/tbody><\/table><\/figure>\n\n\n\n<div class=\"wp-container-3 wp-block-columns\">\n<div class=\"wp-container-1 wp-block-column\" style=\"flex-basis:66.66%\">\n<figure class=\"wp-block-image size-full is-resized\"><img loading=\"lazy\" src=\"https:\/\/capantekstil.com.tr\/wp-content\/uploads\/2022\/07\/3767395_resim_sertifika.jpg\" alt=\"\" class=\"wp-image-43\" width=\"526\" height=\"273\" srcset=\"https:\/\/capantekstil.com.tr\/wp-content\/uploads\/2022\/07\/3767395_resim_sertifika.jpg 611w, https:\/\/capantekstil.com.tr\/wp-content\/uploads\/2022\/07\/3767395_resim_sertifika-300x156.jpg 300w\" sizes=\"(max-width: 526px) 100vw, 526px\" \/><\/figure>\n<\/div>\n\n\n\n<div class=\"wp-container-2 wp-block-column\" style=\"flex-basis:33.33%\">\n<figure class=\"wp-block-image size-full is-resized\"><img loading=\"lazy\" src=\"https:\/\/capantekstil.com.tr\/wp-content\/uploads\/2023\/12\/logo-STANDARD_100-1.jpg\" alt=\"\" class=\"wp-image-3290\" width=\"193\" height=\"270\"\/><\/figure>\n<\/div>\n<\/div>\n\n\n\n<div class=\"wp-container-5 wp-block-columns\">\n<div class=\"wp-container-4 wp-block-column\">\n<figure class=\"wp-block-image size-large is-resized\"><img loading=\"lazy\" src=\"https:\/\/capantekstil.com.tr\/wp-content\/uploads\/2023\/12\/10.HTR_.80209-Eylul-2024_pages-to-jpg-0001-729x1030.jpg\" alt=\"\" class=\"wp-image-3291\" width=\"789\" height=\"1115\" srcset=\"https:\/\/capantekstil.com.tr\/wp-content\/uploads\/2023\/12\/10.HTR_.80209-Eylul-2024_pages-to-jpg-0001-729x1030.jpg 729w, https:\/\/capantekstil.com.tr\/wp-content\/uploads\/2023\/12\/10.HTR_.80209-Eylul-2024_pages-to-jpg-0001-212x300.jpg 212w, https:\/\/capantekstil.com.tr\/wp-content\/uploads\/2023\/12\/10.HTR_.80209-Eylul-2024_pages-to-jpg-0001-768x1085.jpg 768w, https:\/\/capantekstil.com.tr\/wp-content\/uploads\/2023\/12\/10.HTR_.80209-Eylul-2024_pages-to-jpg-0001-1087x1536.jpg 1087w, https:\/\/capantekstil.com.tr\/wp-content\/uploads\/2023\/12\/10.HTR_.80209-Eylul-2024_pages-to-jpg-0001-1061x1500.jpg 1061w, https:\/\/capantekstil.com.tr\/wp-content\/uploads\/2023\/12\/10.HTR_.80209-Eylul-2024_pages-to-jpg-0001-499x705.jpg 499w, https:\/\/capantekstil.com.tr\/wp-content\/uploads\/2023\/12\/10.HTR_.80209-Eylul-2024_pages-to-jpg-0001.jpg 1241w\" sizes=\"(max-width: 789px) 100vw, 789px\" \/><\/figure>\n<\/div>\n<\/div>\n\n\n\n<div class=\"wp-container-11 wp-block-columns\">\n<div class=\"wp-container-8 wp-block-column\">\n<figure class=\"wp-container-7 wp-block-gallery-6 wp-block-gallery has-nested-images columns-default is-cropped\">\n<figure class=\"wp-block-image size-large\"><a href=\"https:\/\/capantekstil.com.tr\/wp-content\/uploads\/2023\/12\/sosyal-uygunluk-politikasi_pages-to-jpg-0001.jpg\"><img loading=\"lazy\" width=\"747\" height=\"1030\" src=\"https:\/\/capantekstil.com.tr\/wp-content\/uploads\/2023\/12\/sosyal-uygunluk-politikasi_pages-to-jpg-0001-747x1030.jpg\" alt=\"\" class=\"wp-image-3292\" srcset=\"https:\/\/capantekstil.com.tr\/wp-content\/uploads\/2023\/12\/sosyal-uygunluk-politikasi_pages-to-jpg-0001-747x1030.jpg 747w, https:\/\/capantekstil.com.tr\/wp-content\/uploads\/2023\/12\/sosyal-uygunluk-politikasi_pages-to-jpg-0001-218x300.jpg 218w, https:\/\/capantekstil.com.tr\/wp-content\/uploads\/2023\/12\/sosyal-uygunluk-politikasi_pages-to-jpg-0001-768x1058.jpg 768w, https:\/\/capantekstil.com.tr\/wp-content\/uploads\/2023\/12\/sosyal-uygunluk-politikasi_pages-to-jpg-0001-1115x1536.jpg 1115w, https:\/\/capantekstil.com.tr\/wp-content\/uploads\/2023\/12\/sosyal-uygunluk-politikasi_pages-to-jpg-0001-1089x1500.jpg 1089w, https:\/\/capantekstil.com.tr\/wp-content\/uploads\/2023\/12\/sosyal-uygunluk-politikasi_pages-to-jpg-0001-512x705.jpg 512w, https:\/\/capantekstil.com.tr\/wp-content\/uploads\/2023\/12\/sosyal-uygunluk-politikasi_pages-to-jpg-0001.jpg 1275w\" sizes=\"(max-width: 747px) 100vw, 747px\" \/><\/a><\/figure>\n<\/figure>\n<\/div>\n\n\n\n<div class=\"wp-container-9 wp-block-column\">\n<figure class=\"wp-block-image size-large\"><a href=\"https:\/\/capantekstil.com.tr\/wp-content\/uploads\/2023\/12\/sosyal-uygunluk-politikasi_pages-to-jpg-0002.jpg\"><img loading=\"lazy\" width=\"747\" height=\"1030\" src=\"https:\/\/capantekstil.com.tr\/wp-content\/uploads\/2023\/12\/sosyal-uygunluk-politikasi_pages-to-jpg-0002-747x1030.jpg\" alt=\"\" class=\"wp-image-3293\" srcset=\"https:\/\/capantekstil.com.tr\/wp-content\/uploads\/2023\/12\/sosyal-uygunluk-politikasi_pages-to-jpg-0002-747x1030.jpg 747w, https:\/\/capantekstil.com.tr\/wp-content\/uploads\/2023\/12\/sosyal-uygunluk-politikasi_pages-to-jpg-0002-218x300.jpg 218w, https:\/\/capantekstil.com.tr\/wp-content\/uploads\/2023\/12\/sosyal-uygunluk-politikasi_pages-to-jpg-0002-768x1058.jpg 768w, https:\/\/capantekstil.com.tr\/wp-content\/uploads\/2023\/12\/sosyal-uygunluk-politikasi_pages-to-jpg-0002-1115x1536.jpg 1115w, https:\/\/capantekstil.com.tr\/wp-content\/uploads\/2023\/12\/sosyal-uygunluk-politikasi_pages-to-jpg-0002-1089x1500.jpg 1089w, https:\/\/capantekstil.com.tr\/wp-content\/uploads\/2023\/12\/sosyal-uygunluk-politikasi_pages-to-jpg-0002-512x705.jpg 512w, https:\/\/capantekstil.com.tr\/wp-content\/uploads\/2023\/12\/sosyal-uygunluk-politikasi_pages-to-jpg-0002.jpg 1275w\" sizes=\"(max-width: 747px) 100vw, 747px\" \/><\/a><\/figure>\n<\/div>\n\n\n\n<div class=\"wp-container-10 wp-block-column\">\n<figure class=\"wp-block-image size-large\"><a href=\"https:\/\/capantekstil.com.tr\/wp-content\/uploads\/2023\/12\/sosyal-uygunluk-politikasi_pages-to-jpg-0003.jpg\"><img loading=\"lazy\" width=\"747\" height=\"1030\" src=\"https:\/\/capantekstil.com.tr\/wp-content\/uploads\/2023\/12\/sosyal-uygunluk-politikasi_pages-to-jpg-0003-747x1030.jpg\" alt=\"\" class=\"wp-image-3294\" srcset=\"https:\/\/capantekstil.com.tr\/wp-content\/uploads\/2023\/12\/sosyal-uygunluk-politikasi_pages-to-jpg-0003-747x1030.jpg 747w, https:\/\/capantekstil.com.tr\/wp-content\/uploads\/2023\/12\/sosyal-uygunluk-politikasi_pages-to-jpg-0003-218x300.jpg 218w, https:\/\/capantekstil.com.tr\/wp-content\/uploads\/2023\/12\/sosyal-uygunluk-politikasi_pages-to-jpg-0003-768x1058.jpg 768w, https:\/\/capantekstil.com.tr\/wp-content\/uploads\/2023\/12\/sosyal-uygunluk-politikasi_pages-to-jpg-0003-1115x1536.jpg 1115w, https:\/\/capantekstil.com.tr\/wp-content\/uploads\/2023\/12\/sosyal-uygunluk-politikasi_pages-to-jpg-0003-1089x1500.jpg 1089w, https:\/\/capantekstil.com.tr\/wp-content\/uploads\/2023\/12\/sosyal-uygunluk-politikasi_pages-to-jpg-0003-512x705.jpg 512w, https:\/\/capantekstil.com.tr\/wp-content\/uploads\/2023\/12\/sosyal-uygunluk-politikasi_pages-to-jpg-0003.jpg 1275w\" sizes=\"(max-width: 747px) 100vw, 747px\" \/><\/a><\/figure>\n<\/div>\n<\/div>\n","protected":false},"excerpt":{"rendered":"<p>HOHENSTEIN \u00d6KO-TEKS \u00dcretim; hammadden ba\u015flayarak, her a\u015famas\u0131nda modern laboratuar ve e\u011fitimli personel ile takip edilmektedir. G\u00fcn\u00fcm\u00fcz\u00fcn teknolojik ko\u015fullar\u0131na uygun olarak kendi b\u00fcnyemizdeki renk olu\u015fturma laboratuar\u0131 ve yeti\u015fmi\u015f, deneyimli, teknik elamanlar\u0131m\u0131z ve ekipmanlar\u0131m\u0131z ile kalite anlay\u0131\u015f\u0131m\u0131z\u0131 her ge\u00e7en g\u00fcn y\u00fckseltiyoruz. Hizmet i\u00e7i e\u011fitim programlar\u0131 ile de personelimizin e\u011fitim ve mesleki becerilerini s\u00fcrekli art\u0131rmaya \u00e7al\u0131\u015f\u0131yoruz.<\/p>\n","protected":false},"author":1,"featured_media":0,"parent":0,"menu_order":0,"comment_status":"closed","ping_status":"closed","template":"","meta":[],"yoast_head":"<!-- This site is optimized with the Yoast SEO plugin v19.3 - https:\/\/yoast.com\/wordpress\/plugins\/seo\/ -->\n<title>Kalite ve Sertifikalar - \u00c7APAN TEKST\u0130L BOYA<\/title>\n<meta name=\"robots\" content=\"index, follow, max-snippet:-1, max-image-preview:large, max-video-preview:-1\" \/>\n<link rel=\"canonical\" href=\"https:\/\/capantekstil.com.tr\/index.php\/kalite-ve-sertifikalar\/\" \/>\n<meta property=\"og:locale\" content=\"tr_TR\" \/>\n<meta property=\"og:type\" content=\"article\" \/>\n<meta property=\"og:title\" content=\"Kalite ve Sertifikalar - \u00c7APAN TEKST\u0130L BOYA\" \/>\n<meta property=\"og:description\" content=\"HOHENSTEIN \u00d6KO-TEKS \u00dcretim; hammadden ba\u015flayarak, her a\u015famas\u0131nda modern laboratuar ve e\u011fitimli personel ile takip edilmektedir. G\u00fcn\u00fcm\u00fcz\u00fcn teknolojik ko\u015fullar\u0131na uygun olarak kendi b\u00fcnyemizdeki renk olu\u015fturma laboratuar\u0131 ve yeti\u015fmi\u015f, deneyimli, teknik elamanlar\u0131m\u0131z ve ekipmanlar\u0131m\u0131z ile kalite anlay\u0131\u015f\u0131m\u0131z\u0131 her ge\u00e7en g\u00fcn y\u00fckseltiyoruz. Hizmet i\u00e7i e\u011fitim programlar\u0131 ile de personelimizin e\u011fitim ve mesleki becerilerini s\u00fcrekli art\u0131rmaya \u00e7al\u0131\u015f\u0131yoruz.\" \/>\n<meta property=\"og:url\" content=\"https:\/\/capantekstil.com.tr\/index.php\/kalite-ve-sertifikalar\/\" \/>\n<meta property=\"og:site_name\" content=\"\u00c7APAN TEKST\u0130L BOYA\" \/>\n<meta property=\"article:modified_time\" content=\"2023-12-12T01:57:40+00:00\" \/>\n<meta property=\"og:image\" content=\"https:\/\/capantekstil.com.tr\/wp-content\/uploads\/2022\/07\/3767395_resim_sertifika.jpg\" \/>\n<meta name=\"twitter:card\" content=\"summary_large_image\" \/>\n<meta name=\"twitter:label1\" content=\"Tahmini okuma s\u00fcresi\" \/>\n\t<meta name=\"twitter:data1\" content=\"2 dakika\" \/>\n<script type=\"application\/ld+json\" class=\"yoast-schema-graph\">{\"@context\":\"https:\/\/schema.org\",\"@graph\":[{\"@type\":\"Organization\",\"@id\":\"https:\/\/capantekstil.com.tr\/#organization\",\"name\":\"\u00c7APAN TEKST\u0130L BOYA\",\"url\":\"https:\/\/capantekstil.com.tr\/\",\"sameAs\":[],\"logo\":{\"@type\":\"ImageObject\",\"inLanguage\":\"tr\",\"@id\":\"https:\/\/capantekstil.com.tr\/#\/schema\/logo\/image\/\",\"url\":\"https:\/\/capantekstil.com.tr\/wp-content\/uploads\/2022\/07\/cropped-capantekstil-_web-logo-w.png\",\"contentUrl\":\"https:\/\/capantekstil.com.tr\/wp-content\/uploads\/2022\/07\/cropped-capantekstil-_web-logo-w.png\",\"width\":384,\"height\":151,\"caption\":\"\u00c7APAN TEKST\u0130L BOYA \"},\"image\":{\"@id\":\"https:\/\/capantekstil.com.tr\/#\/schema\/logo\/image\/\"}},{\"@type\":\"WebSite\",\"@id\":\"https:\/\/capantekstil.com.tr\/#website\",\"url\":\"https:\/\/capantekstil.com.tr\/\",\"name\":\"\u00c7APAN TEKST\u0130L BOYA\",\"description\":\"SAN. VE T\u0130C. LTD. \u015eT\u0130\",\"publisher\":{\"@id\":\"https:\/\/capantekstil.com.tr\/#organization\"},\"potentialAction\":[{\"@type\":\"SearchAction\",\"target\":{\"@type\":\"EntryPoint\",\"urlTemplate\":\"https:\/\/capantekstil.com.tr\/?s={search_term_string}\"},\"query-input\":\"required name=search_term_string\"}],\"inLanguage\":\"tr\"},{\"@type\":\"ImageObject\",\"inLanguage\":\"tr\",\"@id\":\"https:\/\/capantekstil.com.tr\/index.php\/kalite-ve-sertifikalar\/#primaryimage\",\"url\":\"https:\/\/capantekstil.com.tr\/wp-content\/uploads\/2022\/07\/3767395_resim_sertifika.jpg\",\"contentUrl\":\"https:\/\/capantekstil.com.tr\/wp-content\/uploads\/2022\/07\/3767395_resim_sertifika.jpg\",\"width\":611,\"height\":317},{\"@type\":\"WebPage\",\"@id\":\"https:\/\/capantekstil.com.tr\/index.php\/kalite-ve-sertifikalar\/\",\"url\":\"https:\/\/capantekstil.com.tr\/index.php\/kalite-ve-sertifikalar\/\",\"name\":\"Kalite ve Sertifikalar - \u00c7APAN TEKST\u0130L BOYA\",\"isPartOf\":{\"@id\":\"https:\/\/capantekstil.com.tr\/#website\"},\"primaryImageOfPage\":{\"@id\":\"https:\/\/capantekstil.com.tr\/index.php\/kalite-ve-sertifikalar\/#primaryimage\"},\"datePublished\":\"2022-07-20T00:49:11+00:00\",\"dateModified\":\"2023-12-12T01:57:40+00:00\",\"breadcrumb\":{\"@id\":\"https:\/\/capantekstil.com.tr\/index.php\/kalite-ve-sertifikalar\/#breadcrumb\"},\"inLanguage\":\"tr\",\"potentialAction\":[{\"@type\":\"ReadAction\",\"target\":[\"https:\/\/capantekstil.com.tr\/index.php\/kalite-ve-sertifikalar\/\"]}]},{\"@type\":\"BreadcrumbList\",\"@id\":\"https:\/\/capantekstil.com.tr\/index.php\/kalite-ve-sertifikalar\/#breadcrumb\",\"itemListElement\":[{\"@type\":\"ListItem\",\"position\":1,\"name\":\"Anasayfa\",\"item\":\"https:\/\/capantekstil.com.tr\/index.php\/homepage\/\"},{\"@type\":\"ListItem\",\"position\":2,\"name\":\"Kalite ve Sertifikalar\"}]}]}<\/script>\n<!-- \/ Yoast SEO plugin. -->","yoast_head_json":{"title":"Kalite ve Sertifikalar - \u00c7APAN TEKST\u0130L BOYA","robots":{"index":"index","follow":"follow","max-snippet":"max-snippet:-1","max-image-preview":"max-image-preview:large","max-video-preview":"max-video-preview:-1"},"canonical":"https:\/\/capantekstil.com.tr\/index.php\/kalite-ve-sertifikalar\/","og_locale":"tr_TR","og_type":"article","og_title":"Kalite ve Sertifikalar - \u00c7APAN TEKST\u0130L BOYA","og_description":"HOHENSTEIN \u00d6KO-TEKS \u00dcretim; hammadden ba\u015flayarak, her a\u015famas\u0131nda modern laboratuar ve e\u011fitimli personel ile takip edilmektedir. G\u00fcn\u00fcm\u00fcz\u00fcn teknolojik ko\u015fullar\u0131na uygun olarak kendi b\u00fcnyemizdeki renk olu\u015fturma laboratuar\u0131 ve yeti\u015fmi\u015f, deneyimli, teknik elamanlar\u0131m\u0131z ve ekipmanlar\u0131m\u0131z ile kalite anlay\u0131\u015f\u0131m\u0131z\u0131 her ge\u00e7en g\u00fcn y\u00fckseltiyoruz. Hizmet i\u00e7i e\u011fitim programlar\u0131 ile de personelimizin e\u011fitim ve mesleki becerilerini s\u00fcrekli art\u0131rmaya \u00e7al\u0131\u015f\u0131yoruz.","og_url":"https:\/\/capantekstil.com.tr\/index.php\/kalite-ve-sertifikalar\/","og_site_name":"\u00c7APAN TEKST\u0130L BOYA","article_modified_time":"2023-12-12T01:57:40+00:00","og_image":[{"url":"https:\/\/capantekstil.com.tr\/wp-content\/uploads\/2022\/07\/3767395_resim_sertifika.jpg"}],"twitter_card":"summary_large_image","twitter_misc":{"Tahmini okuma s\u00fcresi":"2 dakika"},"schema":{"@context":"https:\/\/schema.org","@graph":[{"@type":"Organization","@id":"https:\/\/capantekstil.com.tr\/#organization","name":"\u00c7APAN TEKST\u0130L BOYA","url":"https:\/\/capantekstil.com.tr\/","sameAs":[],"logo":{"@type":"ImageObject","inLanguage":"tr","@id":"https:\/\/capantekstil.com.tr\/#\/schema\/logo\/image\/","url":"https:\/\/capantekstil.com.tr\/wp-content\/uploads\/2022\/07\/cropped-capantekstil-_web-logo-w.png","contentUrl":"https:\/\/capantekstil.com.tr\/wp-content\/uploads\/2022\/07\/cropped-capantekstil-_web-logo-w.png","width":384,"height":151,"caption":"\u00c7APAN TEKST\u0130L BOYA "},"image":{"@id":"https:\/\/capantekstil.com.tr\/#\/schema\/logo\/image\/"}},{"@type":"WebSite","@id":"https:\/\/capantekstil.com.tr\/#website","url":"https:\/\/capantekstil.com.tr\/","name":"\u00c7APAN TEKST\u0130L BOYA","description":"SAN. VE T\u0130C. LTD. \u015eT\u0130","publisher":{"@id":"https:\/\/capantekstil.com.tr\/#organization"},"potentialAction":[{"@type":"SearchAction","target":{"@type":"EntryPoint","urlTemplate":"https:\/\/capantekstil.com.tr\/?s={search_term_string}"},"query-input":"required name=search_term_string"}],"inLanguage":"tr"},{"@type":"ImageObject","inLanguage":"tr","@id":"https:\/\/capantekstil.com.tr\/index.php\/kalite-ve-sertifikalar\/#primaryimage","url":"https:\/\/capantekstil.com.tr\/wp-content\/uploads\/2022\/07\/3767395_resim_sertifika.jpg","contentUrl":"https:\/\/capantekstil.com.tr\/wp-content\/uploads\/2022\/07\/3767395_resim_sertifika.jpg","width":611,"height":317},{"@type":"WebPage","@id":"https:\/\/capantekstil.com.tr\/index.php\/kalite-ve-sertifikalar\/","url":"https:\/\/capantekstil.com.tr\/index.php\/kalite-ve-sertifikalar\/","name":"Kalite ve Sertifikalar - \u00c7APAN TEKST\u0130L BOYA","isPartOf":{"@id":"https:\/\/capantekstil.com.tr\/#website"},"primaryImageOfPage":{"@id":"https:\/\/capantekstil.com.tr\/index.php\/kalite-ve-sertifikalar\/#primaryimage"},"datePublished":"2022-07-20T00:49:11+00:00","dateModified":"2023-12-12T01:57:40+00:00","breadcrumb":{"@id":"https:\/\/capantekstil.com.tr\/index.php\/kalite-ve-sertifikalar\/#breadcrumb"},"inLanguage":"tr","potentialAction":[{"@type":"ReadAction","target":["https:\/\/capantekstil.com.tr\/index.php\/kalite-ve-sertifikalar\/"]}]},{"@type":"BreadcrumbList","@id":"https:\/\/capantekstil.com.tr\/index.php\/kalite-ve-sertifikalar\/#breadcrumb","itemListElement":[{"@type":"ListItem","position":1,"name":"Anasayfa","item":"https:\/\/capantekstil.com.tr\/index.php\/homepage\/"},{"@type":"ListItem","position":2,"name":"Kalite ve Sertifikalar"}]}]}},"_links":{"self":[{"href":"https:\/\/capantekstil.com.tr\/index.php\/wp-json\/wp\/v2\/pages\/42"}],"collection":[{"href":"https:\/\/capantekstil.com.tr\/index.php\/wp-json\/wp\/v2\/pages"}],"about":[{"href":"https:\/\/capantekstil.com.tr\/index.php\/wp-json\/wp\/v2\/types\/page"}],"author":[{"embeddable":true,"href":"https:\/\/capantekstil.com.tr\/index.php\/wp-json\/wp\/v2\/users\/1"}],"replies":[{"embeddable":true,"href":"https:\/\/capantekstil.com.tr\/index.php\/wp-json\/wp\/v2\/comments?post=42"}],"version-history":[{"count":3,"href":"https:\/\/capantekstil.com.tr\/index.php\/wp-json\/wp\/v2\/pages\/42\/revisions"}],"predecessor-version":[{"id":3296,"href":"https:\/\/capantekstil.com.tr\/index.php\/wp-json\/wp\/v2\/pages\/42\/revisions\/3296"}],"wp:attachment":[{"href":"https:\/\/capantekstil.com.tr\/index.php\/wp-json\/wp\/v2\/media?parent=42"}],"curies":[{"name":"wp","href":"https:\/\/api.w.org\/{rel}","templated":true}]}}